{"id":307,"date":"2025-05-06T14:58:57","date_gmt":"2025-05-06T14:58:57","guid":{"rendered":"https:\/\/parsoft.com.br\/teste\/?page_id=307"},"modified":"2025-05-08T18:13:59","modified_gmt":"2025-05-08T18:13:59","slug":"home2","status":"publish","type":"page","link":"https:\/\/parsoft.com.br\/teste\/","title":{"rendered":"Home2"},"content":{"rendered":"<style>.elementor-307 .elementor-element.elementor-element-8cf3ecb{--display:flex;--min-height:100vh;--flex-direction:column;--container-widget-width:100%;--container-widget-height:initial;--container-widget-flex-grow:0;--container-widget-align-self:initial;--flex-wrap-mobile:wrap;--padding-top:100px;--padding-bottom:100px;--padding-left:100px;--padding-right:100px;}.elementor-307 .elementor-element.elementor-element-8cf3ecb:not(.elementor-motion-effects-element-type-background), .elementor-307 .elementor-element.elementor-element-8cf3ecb > .elementor-motion-effects-container > .elementor-motion-effects-layer{background-image:url(\"https:\/\/parsoft.com.br\/teste\/wp-content\/uploads\/2025\/05\/mulher-morena-elegante-e-inteligente-posando-no-estudio-scaled.jpg\");}.elementor-307 .elementor-element.elementor-element-8cf3ecb.e-con{--align-self:center;}.elementor-307 .elementor-element.elementor-element-a02a5ee.tp-has-beaf > .elementor-widget-container:before{width:100%;height:100%;top:2%;bottom:2%;left:2%;right:2%;}.elementor-307 .elementor-element.elementor-element-a02a5ee.tp-has-beaf > .elementor-widget-container:after{left:2%;transform:rotate(0deg);}.elementor-307 .elementor-element.elementor-element-0d5e925.tp-has-beaf > .elementor-widget-container:before{width:100%;height:100%;top:2%;bottom:2%;left:2%;right:2%;}.elementor-307 .elementor-element.elementor-element-0d5e925.tp-has-beaf > .elementor-widget-container:after{left:2%;transform:rotate(0deg);}.elementor-307 .elementor-element.elementor-element-4146b6b.tp-has-beaf > .elementor-widget-container:before{width:100%;height:100%;top:2%;bottom:2%;left:2%;right:2%;}.elementor-307 .elementor-element.elementor-element-4146b6b.tp-has-beaf > .elementor-widget-container:after{left:2%;transform:rotate(0deg);}<\/style>\t\t<div data-elementor-type=\"wp-page\" data-elementor-id=\"307\" class=\"elementor elementor-307\" data-elementor-post-type=\"page\">\n\t\t\t\t<div class=\"elementor-element elementor-element-8cf3ecb e-flex e-con-boxed e-con e-parent\" data-id=\"8cf3ecb\" data-element_type=\"container\" data-e-type=\"container\" data-settings=\"{&quot;background_background&quot;:&quot;classic&quot;}\">\n\t\t\t\t\t<div class=\"e-con-inner\">\n\t\t\t\t<div class=\"elementor-element elementor-element-a02a5ee elementor-widget elementor-widget-heading\" data-id=\"a02a5ee\" data-element_type=\"widget\" data-e-type=\"widget\" data-widget_type=\"heading.default\">\n\t\t\t\t\t<h2 class=\"elementor-heading-title elementor-size-default\">Voc\u00ea n\u00e3o deveria\nestar aqui...<\/h2>\t\t\t\t<\/div>\n\t\t\t\t<div class=\"elementor-element elementor-element-0d5e925 elementor-widget elementor-widget-text-editor\" data-id=\"0d5e925\" data-element_type=\"widget\" data-e-type=\"widget\" data-widget_type=\"text-editor.default\">\n\t\t\t\t\t\t\t\t\t<p>Esta \u00e1rea \u00e9 exclusiva para nossos trabalhos tempor\u00e1rios <br>e restrita aos nossos clientes.<\/p>\t\t\t\t\t\t\t\t<\/div>\n\t\t\t\t<div class=\"elementor-element elementor-element-4146b6b elementor-widget elementor-widget-button\" data-id=\"4146b6b\" data-element_type=\"widget\" data-e-type=\"widget\" data-widget_type=\"button.default\">\n\t\t\t\t\t\t\t\t\t\t<a class=\"elementor-button elementor-button-link elementor-size-sm\" href=\"https:\/\/www.parsoft.com.br\">\n\t\t\t\t\t\t<span class=\"elementor-button-content-wrapper\">\n\t\t\t\t\t\t\t\t\t<span class=\"elementor-button-text\">Ir para Home<\/span>\n\t\t\t\t\t<\/span>\n\t\t\t\t\t<\/a>\n\t\t\t\t\t\t\t\t<\/div>\n\t\t\t\t\t<\/div>\n\t\t\t\t<\/div>\n\t\t\t\t<\/div>\n\t\t","protected":false},"excerpt":{"rendered":"<p>Voc\u00ea n\u00e3o deveria estar aqui&#8230; Esta \u00e1rea \u00e9 exclusiva para nossos trabalhos tempor\u00e1rios e restrita aos nossos clientes. Ir para Home<\/p>\n","protected":false},"author":2,"featured_media":0,"parent":0,"menu_order":0,"comment_status":"closed","ping_status":"closed","template":"elementor_canvas","meta":{"_themeisle_gutenberg_block_has_review":false,"footnotes":""},"class_list":["post-307","page","type-page","status-publish","hentry"],"_links":{"self":[{"href":"https:\/\/parsoft.com.br\/teste\/wp-json\/wp\/v2\/pages\/307","targetHints":{"allow":["GET"]}}],"collection":[{"href":"https:\/\/parsoft.com.br\/teste\/wp-json\/wp\/v2\/pages"}],"about":[{"href":"https:\/\/parsoft.com.br\/teste\/wp-json\/wp\/v2\/types\/page"}],"author":[{"embeddable":true,"href":"https:\/\/parsoft.com.br\/teste\/wp-json\/wp\/v2\/users\/2"}],"replies":[{"embeddable":true,"href":"https:\/\/parsoft.com.br\/teste\/wp-json\/wp\/v2\/comments?post=307"}],"version-history":[{"count":22,"href":"https:\/\/parsoft.com.br\/teste\/wp-json\/wp\/v2\/pages\/307\/revisions"}],"predecessor-version":[{"id":1160,"href":"https:\/\/parsoft.com.br\/teste\/wp-json\/wp\/v2\/pages\/307\/revisions\/1160"}],"wp:attachment":[{"href":"https:\/\/parsoft.com.br\/teste\/wp-json\/wp\/v2\/media?parent=307"}],"curies":[{"name":"wp","href":"https:\/\/api.w.org\/{rel}","templated":true}]}}